{"id":2459,"date":"2018-11-20T05:42:19","date_gmt":"2018-11-20T05:42:19","guid":{"rendered":"https:\/\/ibizacloud9events.com\/?page_id=2459"},"modified":"2024-01-30T18:08:43","modified_gmt":"2024-01-30T18:08:43","slug":"contacto","status":"publish","type":"page","link":"https:\/\/ibizacloud9events.com\/es\/contacto\/","title":{"rendered":"Contacto"},"content":{"rendered":"<div id='av_section_1'  class='avia-section alternate_color avia-section-default avia-no-border-styling  avia-bg-style-scroll  avia-builder-el-0  el_before_av_section  avia-builder-el-first   container_wrap sidebar_right' style=' '  ><div class='container' ><main  role=\"main\" itemprop=\"mainContentOfPage\"  class='template-page content  av-content-small alpha units'><div class='post-entry post-entry-type-page post-entry-2459'><div class='entry-content-wrapper clearfix'>\n<div  style='padding-bottom:0px; ' class='av-special-heading av-special-heading-h1  blockquote modern-quote modern-centered  avia-builder-el-1  el_before_av_textblock  avia-builder-el-first  '><h1 class='av-special-heading-tag '  itemprop=\"headline\"  >CONTACTO<\/h1><div class='special-heading-border'><div class='special-heading-inner-border' ><\/div><\/div><\/div>\n<section class=\"av_textblock_section \"  itemscope=\"itemscope\" itemtype=\"https:\/\/schema.org\/CreativeWork\" ><div class='avia_textblock  '   itemprop=\"text\" ><p style=\"text-align: center;\">\u00bfQuieren obtener m\u00e1s informaci\u00f3n sobre Ibiza Cloud 9? Estamos aqu\u00ed para hablar sobre todo lo que necesiten para su boda en Ibiza tanto en Ingl\u00e9s como en Espa\u00f1ol y Holand\u00e9s.<\/p>\n<\/div><\/section>\n\n<\/div><\/div><\/main><!-- close content main element --><\/div><\/div><div id='av_section_2'  class='avia-section main_color avia-section-default avia-no-border-styling  avia-bg-style-scroll  avia-builder-el-3  el_after_av_section  el_before_av_section   container_wrap sidebar_right' style=' '  ><div class='container' ><div class='template-page content  av-content-small alpha units'><div class='post-entry post-entry-type-page post-entry-2459'><div class='entry-content-wrapper clearfix'>\n<div class=\"flex_column av_one_fifth  flex_column_div av-zero-column-padding first  avia-builder-el-4  el_before_av_three_fifth  avia-builder-el-first  \" style='border-radius:0px; '><\/div><div class=\"flex_column av_three_fifth  flex_column_div av-zero-column-padding   avia-builder-el-5  el_after_av_one_fifth  el_before_av_one_full  \" style='border-radius:0px; '><section class=\"av_textblock_section \"  itemscope=\"itemscope\" itemtype=\"https:\/\/schema.org\/CreativeWork\" ><div class='avia_textblock  '   itemprop=\"text\" ><p style=\"text-align: center;\">Ibiza Cloud 9 se basa por completo en una comunicaci\u00f3n clara y consecuente. Den el primer paso y p\u00f3nganse en contacto con nosotras para hablarnos sobre su inspiraci\u00f3n y sus ideas o pedirnos la ayuda que necesiten, despu\u00e9s, dejen que nos encarguemos del resto.<\/p>\n<\/div><\/section><\/div><div class=\"flex_column av_one_full  flex_column_div av-zero-column-padding first  avia-builder-el-7  el_after_av_three_fifth  avia-builder-el-last  \" style='border-radius:0px; '><section class=\"av_textblock_section \"  itemscope=\"itemscope\" itemtype=\"https:\/\/schema.org\/CreativeWork\" ><div class='avia_textblock  '   itemprop=\"text\" ><p style=\"text-align: center;\"><strong>Laurie Pecher<\/strong><br \/>\n<a href=\"mailto:laurie@ibizacloud9.com\">laurie@ibizacloud9.com<\/a><br \/>\ntel: 0034 618 684 516<\/p>\n<\/div><\/section><\/div><\/div><\/div><\/div><!-- close content main div --><\/div><\/div><div id='av_section_3'  class='avia-section main_color avia-section-default avia-no-border-styling  avia-bg-style-scroll  avia-builder-el-9  el_after_av_section  avia-builder-el-last   container_wrap sidebar_right' style=' '  ><div class='container' ><div class='template-page content  av-content-small alpha units'><div class='post-entry post-entry-type-page post-entry-2459'><div class='entry-content-wrapper clearfix'>\n<div class=\"flex_column av_one_fifth  flex_column_div av-zero-column-padding first  avia-builder-el-10  el_before_av_three_fifth  avia-builder-el-first  \" style='border-radius:0px; '><\/div><div class=\"flex_column av_three_fifth  flex_column_div av-zero-column-padding   avia-builder-el-11  el_after_av_one_fifth  avia-builder-el-last  \" style='border-radius:0px; '><\/div>\n<\/div><\/div><\/div><!-- close content main div --><\/div><\/div><div id='after_section_3'  class='main_color av_default_container_wrap container_wrap sidebar_right' style=' '  ><div class='container' ><div class='template-page content  av-content-small alpha units'><div class='post-entry post-entry-type-page post-entry-2459'><div class='entry-content-wrapper clearfix'><\/p>\n<p><a href=\"\/\/www.pinterest.com\/pin\/create\/button\/\" data-pin-do=\"buttonBookmark\" data-pin-color=\"red\" data-pin-height=\"128\"><img decoding=\"async\" src=\"\/\/assets.pinterest.com\/images\/pidgets\/pinit_fg_en_rect_red_28.png\" \/><\/a><\/p>","protected":false},"excerpt":{"rendered":"","protected":false},"author":1,"featured_media":0,"parent":0,"menu_order":0,"comment_status":"closed","ping_status":"closed","template":"","meta":{"footnotes":""},"class_list":["post-2459","page","type-page","status-publish","hentry"],"yoast_head":"<!-- This site is optimized with the Yoast SEO plugin v26.7 - https:\/\/yoast.com\/wordpress\/plugins\/seo\/ -->\n<title>Contacta Ibiza Cloud 9 - Expertos en Eventos<\/title>\n<meta name=\"description\" content=\"Contacta con Ibiza Cloud 9 para eventos en Ibiza. Organiza tu boda o evento en ingl\u00e9s, espa\u00f1ol y neerland\u00e9s.\" \/>\n<meta name=\"robots\" content=\"index, follow, max-snippet:-1, max-image-preview:large, max-video-preview:-1\" \/>\n<meta property=\"og:locale\" content=\"es_ES\" \/>\n<meta property=\"og:type\" content=\"article\" \/>\n<meta property=\"og:title\" content=\"Contacta Ibiza Cloud 9 - Expertos en Eventos\" \/>\n<meta property=\"og:description\" content=\"Contacta con Ibiza Cloud 9 para eventos en Ibiza. Organiza tu boda o evento en ingl\u00e9s, espa\u00f1ol y neerland\u00e9s.\" \/>\n<meta property=\"og:url\" content=\"https:\/\/ibizacloud9events.com\/es\/contacto\/\" \/>\n<meta property=\"og:site_name\" content=\"Cloud 9 Ibiza\" \/>\n<meta property=\"article:publisher\" content=\"https:\/\/www.facebook.com\/IbizaCloud9Events\" \/>\n<meta property=\"article:modified_time\" content=\"2024-01-30T18:08:43+00:00\" \/>\n<meta name=\"twitter:card\" content=\"summary_large_image\" \/>\n<meta name=\"twitter:label1\" content=\"Tiempo de lectura\" \/>\n\t<meta name=\"twitter:data1\" content=\"2 minutos\" \/>\n<script type=\"application\/ld+json\" class=\"yoast-schema-graph\">{\"@context\":\"https:\/\/schema.org\",\"@graph\":[{\"@type\":\"WebPage\",\"@id\":\"https:\/\/ibizacloud9events.com\/es\/contacto\/\",\"url\":\"https:\/\/ibizacloud9events.com\/es\/contacto\/\",\"name\":\"Contacta Ibiza Cloud 9 - Expertos en Eventos\",\"isPartOf\":{\"@id\":\"https:\/\/ibizacloud9events.com\/#website\"},\"datePublished\":\"2018-11-20T05:42:19+00:00\",\"dateModified\":\"2024-01-30T18:08:43+00:00\",\"description\":\"Contacta con Ibiza Cloud 9 para eventos en Ibiza. Organiza tu boda o evento en ingl\u00e9s, espa\u00f1ol y neerland\u00e9s.\",\"breadcrumb\":{\"@id\":\"https:\/\/ibizacloud9events.com\/es\/contacto\/#breadcrumb\"},\"inLanguage\":\"es\",\"potentialAction\":[{\"@type\":\"ReadAction\",\"target\":[\"https:\/\/ibizacloud9events.com\/es\/contacto\/\"]}]},{\"@type\":\"BreadcrumbList\",\"@id\":\"https:\/\/ibizacloud9events.com\/es\/contacto\/#breadcrumb\",\"itemListElement\":[{\"@type\":\"ListItem\",\"position\":1,\"name\":\"Home\",\"item\":\"https:\/\/ibizacloud9events.com\/es\/organizadoras-de-bodas-en-ibiza\/\"},{\"@type\":\"ListItem\",\"position\":2,\"name\":\"Contacto\"}]},{\"@type\":\"WebSite\",\"@id\":\"https:\/\/ibizacloud9events.com\/#website\",\"url\":\"https:\/\/ibizacloud9events.com\/\",\"name\":\"Cloud 9 Ibiza\",\"description\":\"Ibiza wedding planners\",\"publisher\":{\"@id\":\"https:\/\/ibizacloud9events.com\/#organization\"},\"potentialAction\":[{\"@type\":\"SearchAction\",\"target\":{\"@type\":\"EntryPoint\",\"urlTemplate\":\"https:\/\/ibizacloud9events.com\/?s={search_term_string}\"},\"query-input\":{\"@type\":\"PropertyValueSpecification\",\"valueRequired\":true,\"valueName\":\"search_term_string\"}}],\"inLanguage\":\"es\"},{\"@type\":\"Organization\",\"@id\":\"https:\/\/ibizacloud9events.com\/#organization\",\"name\":\"Cloud 9 Ibiza\",\"url\":\"https:\/\/ibizacloud9events.com\/\",\"logo\":{\"@type\":\"ImageObject\",\"inLanguage\":\"es\",\"@id\":\"https:\/\/ibizacloud9events.com\/#\/schema\/logo\/image\/\",\"url\":\"https:\/\/ibizacloud9events.com\/wp-content\/uploads\/2018\/11\/logo-cloud9.png\",\"contentUrl\":\"https:\/\/ibizacloud9events.com\/wp-content\/uploads\/2018\/11\/logo-cloud9.png\",\"width\":538,\"height\":370,\"caption\":\"Cloud 9 Ibiza\"},\"image\":{\"@id\":\"https:\/\/ibizacloud9events.com\/#\/schema\/logo\/image\/\"},\"sameAs\":[\"https:\/\/www.facebook.com\/IbizaCloud9Events\",\"https:\/\/www.instagram.com\/ibizacloud9\/\",\"https:\/\/www.pinterest.es\/ibizacloud9\/\"]}]}<\/script>\n<!-- \/ Yoast SEO plugin. -->","yoast_head_json":{"title":"Contacta Ibiza Cloud 9 - Expertos en Eventos","description":"Contacta con Ibiza Cloud 9 para eventos en Ibiza. Organiza tu boda o evento en ingl\u00e9s, espa\u00f1ol y neerland\u00e9s.","robots":{"index":"index","follow":"follow","max-snippet":"max-snippet:-1","max-image-preview":"max-image-preview:large","max-video-preview":"max-video-preview:-1"},"og_locale":"es_ES","og_type":"article","og_title":"Contacta Ibiza Cloud 9 - Expertos en Eventos","og_description":"Contacta con Ibiza Cloud 9 para eventos en Ibiza. Organiza tu boda o evento en ingl\u00e9s, espa\u00f1ol y neerland\u00e9s.","og_url":"https:\/\/ibizacloud9events.com\/es\/contacto\/","og_site_name":"Cloud 9 Ibiza","article_publisher":"https:\/\/www.facebook.com\/IbizaCloud9Events","article_modified_time":"2024-01-30T18:08:43+00:00","twitter_card":"summary_large_image","twitter_misc":{"Tiempo de lectura":"2 minutos"},"schema":{"@context":"https:\/\/schema.org","@graph":[{"@type":"WebPage","@id":"https:\/\/ibizacloud9events.com\/es\/contacto\/","url":"https:\/\/ibizacloud9events.com\/es\/contacto\/","name":"Contacta Ibiza Cloud 9 - Expertos en Eventos","isPartOf":{"@id":"https:\/\/ibizacloud9events.com\/#website"},"datePublished":"2018-11-20T05:42:19+00:00","dateModified":"2024-01-30T18:08:43+00:00","description":"Contacta con Ibiza Cloud 9 para eventos en Ibiza. Organiza tu boda o evento en ingl\u00e9s, espa\u00f1ol y neerland\u00e9s.","breadcrumb":{"@id":"https:\/\/ibizacloud9events.com\/es\/contacto\/#breadcrumb"},"inLanguage":"es","potentialAction":[{"@type":"ReadAction","target":["https:\/\/ibizacloud9events.com\/es\/contacto\/"]}]},{"@type":"BreadcrumbList","@id":"https:\/\/ibizacloud9events.com\/es\/contacto\/#breadcrumb","itemListElement":[{"@type":"ListItem","position":1,"name":"Home","item":"https:\/\/ibizacloud9events.com\/es\/organizadoras-de-bodas-en-ibiza\/"},{"@type":"ListItem","position":2,"name":"Contacto"}]},{"@type":"WebSite","@id":"https:\/\/ibizacloud9events.com\/#website","url":"https:\/\/ibizacloud9events.com\/","name":"Cloud 9 Ibiza","description":"Ibiza wedding planners","publisher":{"@id":"https:\/\/ibizacloud9events.com\/#organization"},"potentialAction":[{"@type":"SearchAction","target":{"@type":"EntryPoint","urlTemplate":"https:\/\/ibizacloud9events.com\/?s={search_term_string}"},"query-input":{"@type":"PropertyValueSpecification","valueRequired":true,"valueName":"search_term_string"}}],"inLanguage":"es"},{"@type":"Organization","@id":"https:\/\/ibizacloud9events.com\/#organization","name":"Cloud 9 Ibiza","url":"https:\/\/ibizacloud9events.com\/","logo":{"@type":"ImageObject","inLanguage":"es","@id":"https:\/\/ibizacloud9events.com\/#\/schema\/logo\/image\/","url":"https:\/\/ibizacloud9events.com\/wp-content\/uploads\/2018\/11\/logo-cloud9.png","contentUrl":"https:\/\/ibizacloud9events.com\/wp-content\/uploads\/2018\/11\/logo-cloud9.png","width":538,"height":370,"caption":"Cloud 9 Ibiza"},"image":{"@id":"https:\/\/ibizacloud9events.com\/#\/schema\/logo\/image\/"},"sameAs":["https:\/\/www.facebook.com\/IbizaCloud9Events","https:\/\/www.instagram.com\/ibizacloud9\/","https:\/\/www.pinterest.es\/ibizacloud9\/"]}]}},"_links":{"self":[{"href":"https:\/\/ibizacloud9events.com\/es\/wp-json\/wp\/v2\/pages\/2459\/"}],"collection":[{"href":"https:\/\/ibizacloud9events.com\/es\/wp-json\/wp\/v2\/pages\/"}],"about":[{"href":"https:\/\/ibizacloud9events.com\/es\/wp-json\/wp\/v2\/types\/page\/"}],"author":[{"embeddable":true,"href":"https:\/\/ibizacloud9events.com\/es\/wp-json\/wp\/v2\/users\/1\/"}],"replies":[{"embeddable":true,"href":"https:\/\/ibizacloud9events.com\/es\/wp-json\/wp\/v2\/comments\/?post=2459"}],"version-history":[{"count":5,"href":"https:\/\/ibizacloud9events.com\/es\/wp-json\/wp\/v2\/pages\/2459\/revisions\/"}],"predecessor-version":[{"id":17259,"href":"https:\/\/ibizacloud9events.com\/es\/wp-json\/wp\/v2\/pages\/2459\/revisions\/17259\/"}],"wp:attachment":[{"href":"https:\/\/ibizacloud9events.com\/es\/wp-json\/wp\/v2\/media\/?parent=2459"}],"curies":[{"name":"wp","href":"https:\/\/api.w.org\/{rel}","templated":true}]}}