{"id":2401,"date":"2018-12-13T19:39:50","date_gmt":"2018-12-13T19:39:50","guid":{"rendered":"https:\/\/ibizacloud9events.com\/?page_id=2401"},"modified":"2024-01-30T18:12:33","modified_gmt":"2024-01-30T18:12:33","slug":"fotografo-de-bodas-de-ibiza","status":"publish","type":"page","link":"https:\/\/ibizacloud9events.com\/es\/casarse-en-ibiza\/fotografo-de-bodas-de-ibiza\/","title":{"rendered":"Fot\u00f3grafo de bodas de Ibiza"},"content":{"rendered":"<div id='intro'  class='avia-section main_color avia-section-default avia-no-border-styling  av-parallax-section av-section-color-overlay-active avia-bg-style-parallax  avia-builder-el-0  el_before_av_section  avia-builder-el-first   av-small-hide av-mini-hide av-minimum-height av-minimum-height-100  container_wrap sidebar_right' style=' '  data-section-bg-repeat='no-repeat' data-av_minimum_height_pc='100'><div class='av-parallax' data-avia-parallax-ratio='0.3' ><div class='av-parallax-inner main_color  avia-full-stretch' style = 'background-repeat: no-repeat; background-image: url(https:\/\/ibizacloud9events.com\/wp-content\/uploads\/2018\/12\/5-IBIZA-PHOTOGRAPHERS-H.jpg);background-attachment: scroll; background-position: bottom center; ' ><\/div><\/div><div class='av-section-color-overlay-wrap'><div class='av-section-color-overlay' style='opacity: 0.2; background-color: #000000; '><\/div><div class='container' ><main  role=\"main\" itemprop=\"mainContentOfPage\"  class='template-page content  av-content-small alpha units'><div class='post-entry post-entry-type-page post-entry-2401'><div class='entry-content-wrapper clearfix'>\n<div class=\"flex_column av_one_fifth  flex_column_div av-zero-column-padding first  avia-builder-el-1  el_before_av_three_fifth  avia-builder-el-first  \" style='border-radius:0px; '><\/div><div class=\"flex_column av_three_fifth  flex_column_div av-zero-column-padding   avia-builder-el-2  el_after_av_one_fifth  avia-builder-el-last  \" style='border-radius:0px; '><p><div  style='padding-bottom:30px; color:#ffffff;' class='av-special-heading av-special-heading-h1 custom-color-heading blockquote modern-quote modern-centered  avia-builder-el-3  el_before_av_textblock  avia-builder-el-first  '><h1 class='av-special-heading-tag '  itemprop=\"headline\"  >FOT\u00d3GRAFO DE BODAS DE IBIZA<\/h1><div class='special-heading-border'><div class='special-heading-inner-border' style='border-color:#ffffff'><\/div><\/div><\/div><br \/>\n<section class=\"av_textblock_section \"  itemscope=\"itemscope\" itemtype=\"https:\/\/schema.org\/CreativeWork\" ><div class='avia_textblock  av_inherit_color '  style='color:#ffffff; '  itemprop=\"text\" ><p style=\"text-align: center;\">Han encontrado ya el lugar de celebraci\u00f3n, tienen el vestido y las invitaciones &#8211; ahora necesitan un fot\u00f3grafo de bodas de Ibiza para captar la magia.<\/p>\n<\/div><\/section><br \/>\n<div  style='height:100px' class='hr hr-invisible   avia-builder-el-5  el_after_av_textblock  avia-builder-el-last '><span class='hr-inner ' ><span class='hr-inner-style'><\/span><\/span><\/div><\/p><\/div>\n\n<\/div><\/div><\/main><!-- close content main element --><\/div><\/div><\/div><div id='intro'  class='avia-section main_color avia-section-default avia-no-border-styling  av-section-color-overlay-active avia-bg-style-scroll  avia-builder-el-6  el_after_av_section  el_before_av_section   av-desktop-hide av-medium-hide av-minimum-height av-minimum-height-100  container_wrap sidebar_right' style='background-repeat: no-repeat; background-image: url(https:\/\/ibizacloud9events.com\/wp-content\/uploads\/2018\/12\/5-IBIZA-PHOTOGRAPHERS-V.jpg);background-attachment: scroll; background-position: bottom center;  '  data-section-bg-repeat='no-repeat' data-av_minimum_height_pc='100'><div class='av-section-color-overlay-wrap'><div class='av-section-color-overlay' style='opacity: 0.2; background-color: #000000; '><\/div><div class='container' ><div class='template-page content  av-content-small alpha units'><div class='post-entry post-entry-type-page post-entry-2401'><div class='entry-content-wrapper clearfix'>\n<div class=\"flex_column av_one_fifth  flex_column_div av-zero-column-padding first  avia-builder-el-7  el_before_av_three_fifth  avia-builder-el-first  \" style='border-radius:0px; '><\/div><div class=\"flex_column av_three_fifth  flex_column_div av-zero-column-padding   avia-builder-el-8  el_after_av_one_fifth  avia-builder-el-last  \" style='border-radius:0px; '><p><div  style='padding-bottom:30px; color:#ffffff;' class='av-special-heading av-special-heading-h1 custom-color-heading blockquote modern-quote modern-centered  avia-builder-el-9  el_before_av_textblock  avia-builder-el-first  '><h1 class='av-special-heading-tag '  itemprop=\"headline\"  >FOT\u00d3GRAFO DE BODAS DE IBIZA<\/h1><div class='special-heading-border'><div class='special-heading-inner-border' style='border-color:#ffffff'><\/div><\/div><\/div><br \/>\n<section class=\"av_textblock_section \"  itemscope=\"itemscope\" itemtype=\"https:\/\/schema.org\/CreativeWork\" ><div class='avia_textblock  av_inherit_color '  style='color:#ffffff; '  itemprop=\"text\" ><p style=\"text-align: center;\">Han encontrado ya el lugar de celebraci\u00f3n, tienen el vestido y las invitaciones &#8211; ahora necesitan un fot\u00f3grafo de bodas de Ibiza para captar la magia.<\/p>\n<\/div><\/section><br \/>\n<div  style='height:100px' class='hr hr-invisible   avia-builder-el-11  el_after_av_textblock  avia-builder-el-last '><span class='hr-inner ' ><span class='hr-inner-style'><\/span><\/span><\/div><\/p><\/div>\n\n<\/div><\/div><\/div><!-- close content main div --><\/div><\/div><\/div><div id='av_section_3'  class='avia-section alternate_color avia-section-default avia-no-border-styling  avia-bg-style-scroll  avia-builder-el-12  el_after_av_section  el_before_av_section   container_wrap sidebar_right' style=' '  ><div class='container' ><div class='template-page content  av-content-small alpha units'><div class='post-entry post-entry-type-page post-entry-2401'><div class='entry-content-wrapper clearfix'>\n<div class=\"flex_column av_one_fifth  flex_column_div av-zero-column-padding first  avia-builder-el-13  el_before_av_three_fifth  avia-builder-el-first  \" style='border-radius:0px; '><\/div><div class=\"flex_column av_three_fifth  flex_column_div av-zero-column-padding   avia-builder-el-14  el_after_av_one_fifth  avia-builder-el-last  \" style='border-radius:0px; '><p><div  style='padding-bottom:30px; ' class='av-special-heading av-special-heading-h2  blockquote modern-quote modern-centered  avia-builder-el-15  el_before_av_textblock  avia-builder-el-first  '><h2 class='av-special-heading-tag '  itemprop=\"headline\"  >Fot\u00f3grafos de bodas de Ibiza para captar la magia<\/h2><div class='special-heading-border'><div class='special-heading-inner-border' ><\/div><\/div><\/div><br \/>\n<section class=\"av_textblock_section \"  itemscope=\"itemscope\" itemtype=\"https:\/\/schema.org\/CreativeWork\" ><div class='avia_textblock  '   itemprop=\"text\" ><p style=\"text-align: center;\">Con todo el cari\u00f1o, esfuerzo y organizaci\u00f3n que implica planear la boda perfecta, asegurarse el fot\u00f3grafo de bodas de Ibiza perfecto para captar esos preciados recuerdos con la c\u00e1mara es la \u00faltima pieza del rompecabezas.\u00a0 La mayor\u00eda de novias y novios dicen que ese d\u00eda pasa en un instante y el trabajo del fot\u00f3grafo de bodas de Ibiza es el de, no solamente sacar fotos del evento central, sino tambi\u00e9n captar esos momentos espont\u00e1neos y emociones sinceras en las que puede que no se fijen ese d\u00eda.<\/p>\n<p style=\"text-align: center;\">En Ibiza Cloud 9 somos expertas en encontrar el fot\u00f3grafo de bodas de Ibiza adecuado para la pareja adecuada. Escuchar sus ideas y prestar atenci\u00f3n a sus propias inspiraciones nos ayuda a poder sugerir el fot\u00f3grafo de bodas de Ibiza que pensamos ser\u00e1 el que mejor encaje ese d\u00eda en t\u00e9rminos tanto de estilo como de personalidad. Tanto si se trata de retratos tipo Hollywood, reportajes en un ambiente distendido o fotograf\u00edas cl\u00e1sicas de boda, hay un fot\u00f3grafo de bodas de Ibiza adecuado para cada evento.<\/p>\n<\/div><\/section><\/p><\/div>\n\n<\/div><\/div><\/div><!-- close content main div --><\/div><\/div><div id='av_section_4'  class='avia-section main_color avia-section-default avia-no-border-styling  avia-bg-style-scroll  avia-builder-el-17  el_after_av_section  el_before_av_section   container_wrap sidebar_right' style=' '  ><div class='container' ><div class='template-page content  av-content-small alpha units'><div class='post-entry post-entry-type-page post-entry-2401'><div class='entry-content-wrapper clearfix'>\n<div class=\"flex_column av_one_half  flex_column_div av-zero-column-padding first  avia-builder-el-18  el_before_av_one_half  avia-builder-el-first  \" style='border-radius:0px; '><p><div  style='padding-bottom:30px; font-size:22px;' class='av-special-heading av-special-heading-h3  blockquote modern-quote  avia-builder-el-19  el_before_av_textblock  avia-builder-el-first  av-inherit-size '><h3 class='av-special-heading-tag '  itemprop=\"headline\"  >\u00bfC\u00f3mo seleccionamos el fot\u00f3grafo de bodas de Ibiza apropiado para nuestra boda?<\/h3><div class='special-heading-border'><div class='special-heading-inner-border' ><\/div><\/div><\/div><br \/>\n<section class=\"av_textblock_section \"  itemscope=\"itemscope\" itemtype=\"https:\/\/schema.org\/CreativeWork\" ><div class='avia_textblock  '   itemprop=\"text\" ><p>Creemos que es muy importante adecuar cada pareja al fot\u00f3grafo de bodas de Ibiza apropiado. No es \u00fanicamente cuesti\u00f3n de estilo y gusto; sus personalidades tambi\u00e9n deber\u00edan coincidir para que ustedes se encuentren c\u00f3modos ante su c\u00e1mara. Podemos ayudarles a definir el estilo de im\u00e1genes que prefieren y sugerirles el fot\u00f3grafo de bodas de Ibiza apropiado que encaja con ellas.<\/p>\n<\/div><\/section><br \/>\n<div  style='padding-bottom:30px; font-size:22px;' class='av-special-heading av-special-heading-h3  blockquote modern-quote  avia-builder-el-21  el_after_av_textblock  el_before_av_textblock  av-inherit-size '><h3 class='av-special-heading-tag '  itemprop=\"headline\"  >\u00bfC\u00f3mo sabe nuestro fot\u00f3grafo de bodas de Ibiza lo que queremos ver en nuestras fotograf\u00edas?<\/h3><div class='special-heading-border'><div class='special-heading-inner-border' ><\/div><\/div><\/div><br \/>\n<section class=\"av_textblock_section \"  itemscope=\"itemscope\" itemtype=\"https:\/\/schema.org\/CreativeWork\" ><div class='avia_textblock  '   itemprop=\"text\" ><p>La comunicaci\u00f3n es muy importante cuando se trata de sus fotograf\u00edas. Ese d\u00eda, la novia y el novio estar\u00e1n completamente inmersos en el evento, as\u00ed que es importante que aclaren si quieren alguna imagen en particular con su fot\u00f3grafo de bodas de Ibiza antes del gran d\u00eda. Hablar sobre el estilo de fotograf\u00edas que ustedes quieren, adem\u00e1s de las especiales con familiares y amigos, o los detalles est\u00e9ticos que desean que se capten es esencial.<\/p>\n<\/div><\/section><\/p><\/div><div class=\"flex_column av_one_half  flex_column_div av-zero-column-padding   avia-builder-el-23  el_after_av_one_half  avia-builder-el-last  \" style='border-radius:0px; '><p><div  style='padding-bottom:30px; font-size:22px;' class='av-special-heading av-special-heading-h3  blockquote modern-quote  avia-builder-el-24  el_before_av_textblock  avia-builder-el-first  av-inherit-size '><h3 class='av-special-heading-tag '  itemprop=\"headline\"  >\u00bfPublicar\u00e1 mi fot\u00f3grafo de bodas de Ibiza nuestras fotograf\u00edas en alguna parte?<\/h3><div class='special-heading-border'><div class='special-heading-inner-border' ><\/div><\/div><\/div><br \/>\n<section class=\"av_textblock_section \"  itemscope=\"itemscope\" itemtype=\"https:\/\/schema.org\/CreativeWork\" ><div class='avia_textblock  '   itemprop=\"text\" ><p>Eso realmente depende de ustedes. Si prefieren que todas sus fotograf\u00edas sean completamente privadas y que \u00fanicamente se destinen para su uso personal, esto puede estipularse en el contrato entre ustedes y el fot\u00f3grafo de bodas de Ibiza. Sin embargo, a muchas parejas les encanta la idea de ver su boda publicada en un blog de bodas internacional o de Ibiza y los fot\u00f3grafos pueden enviar im\u00e1genes para esta cuesti\u00f3n con su permiso.<\/p>\n<\/div><\/section><br \/>\n<div  style='padding-bottom:30px; font-size:22px;' class='av-special-heading av-special-heading-h3  blockquote modern-quote  avia-builder-el-26  el_after_av_textblock  el_before_av_textblock  av-inherit-size '><h3 class='av-special-heading-tag '  itemprop=\"headline\"  >\u00bfPodemos compartir nuestras fotograf\u00edas en las redes sociales?<\/h3><div class='special-heading-border'><div class='special-heading-inner-border' ><\/div><\/div><\/div><br \/>\n<section class=\"av_textblock_section \"  itemscope=\"itemscope\" itemtype=\"https:\/\/schema.org\/CreativeWork\" ><div class='avia_textblock  '   itemprop=\"text\" ><p>Normalmente, todas las fotograf\u00edas que su fot\u00f3grafo de bodas de Ibiza haga pueden compartirse a trav\u00e9s de plataformas de redes sociales para su uso personal. El contrato entre ustedes y el fot\u00f3grafo de bodas de Ibiza estipular\u00e1 si existen cualesquiera t\u00e9rminos espec\u00edficos tales como etiquetar una fotograf\u00eda o proporcionarla a una empresa para que la utilicen en su perfil profesional cuando se compartan fotograf\u00edas en las redes sociales.<\/p>\n<\/div><\/section><\/p><\/div>\n\n<\/div><\/div><\/div><!-- close content main div --><\/div><\/div><div id='av_section_5'  class='avia-section alternate_color avia-section-default avia-no-border-styling  avia-bg-style-scroll  avia-builder-el-28  el_after_av_section  el_before_av_section   container_wrap sidebar_right' style=' '  ><div class='container' ><div class='template-page content  av-content-small alpha units'><div class='post-entry post-entry-type-page post-entry-2401'><div class='entry-content-wrapper clearfix'>\n<div class=\"flex_column av_one_full  flex_column_div av-zero-column-padding first  avia-builder-el-29  avia-builder-el-no-sibling  \" style='border-radius:0px; '><p><div  style='padding-bottom:20px; ' class='av-special-heading av-special-heading-h5  blockquote modern-quote modern-centered  avia-builder-el-30  el_before_av_blog  avia-builder-el-first  '><div class ='av-subheading av-subheading_above  ' style='font-size:15px;'><p>COMPARTIMOS SU VISI\u00d3N<\/p>\n<\/div><h5 class='av-special-heading-tag '  itemprop=\"headline\"  ><span class='special_amp'>\u201c<\/span>Ten\u00edamos una imagen clara de lo que quer\u00edamos pero simplemente necesit\u00e1bamos ayuda para hacer que todo encajara y eso es exactamente lo que hizo Ibiza Cloud 9.<span class='special_amp'>\u201d<\/span><\/h5><div class='special-heading-border'><div class='special-heading-inner-border' ><\/div><\/div><\/div><br \/>\n<\/p><\/div><\/div><\/div><\/div><!-- close content main div --><\/div><\/div><div id='av_section_6'  class='avia-section main_color avia-section-huge avia-no-border-styling  av-parallax-section av-section-color-overlay-active avia-bg-style-parallax  avia-builder-el-32  el_after_av_section  avia-builder-el-last   av-minimum-height av-minimum-height-50  container_wrap sidebar_right' style=' '  data-section-bg-repeat='no-repeat' data-av_minimum_height_pc='50'><div class='av-parallax' data-avia-parallax-ratio='0.3' ><div class='av-parallax-inner main_color  avia-full-stretch' style = 'background-repeat: no-repeat; background-image: url(https:\/\/ibizacloud9events.com\/wp-content\/uploads\/2018\/12\/7-CONTACT-H.jpg);background-attachment: scroll; background-position: top left; ' ><\/div><\/div><div class='av-section-color-overlay-wrap'><div class='av-section-color-overlay' style='opacity: 0.3; background-color: #000000; '><\/div><div class='container' ><div class='template-page content  av-content-small alpha units'><div class='post-entry post-entry-type-page post-entry-2401'><div class='entry-content-wrapper clearfix'>\n<div class=\"flex_column av_one_fifth  flex_column_div av-zero-column-padding first  avia-builder-el-33  el_before_av_three_fifth  avia-builder-el-first  \" style='border-radius:0px; '><\/div><div class=\"flex_column av_three_fifth  flex_column_div av-zero-column-padding   avia-builder-el-34  el_after_av_one_fifth  avia-builder-el-last  \" style='border-radius:0px; '><p><div  style='padding-bottom:10px; ' class='av-special-heading av-special-heading-h6  blockquote modern-quote modern-centered  avia-builder-el-35  el_before_av_textblock  avia-builder-el-first  '><h6 class='av-special-heading-tag '  itemprop=\"headline\"  >CONTACTO<\/h6><div class='special-heading-border'><div class='special-heading-inner-border' ><\/div><\/div><\/div><br \/>\n<section class=\"av_textblock_section \"  itemscope=\"itemscope\" itemtype=\"https:\/\/schema.org\/CreativeWork\" ><div class='avia_textblock  av_inherit_color '  style='color:#ffffff; '  itemprop=\"text\" ><p style=\"text-align: center;\">Den el primer paso y p\u00f3nganse en contacto con nosotras para hablarnos sobre su inspiraci\u00f3n y sus ideas o pedirnos la ayuda que necesiten.<\/p>\n<\/div><\/section><br \/>\n<div  style='height:30px' class='hr hr-invisible   avia-builder-el-37  el_after_av_textblock  el_before_av_button '><span class='hr-inner ' ><span class='hr-inner-style'><\/span><\/span><\/div><br \/>\n<div  class='avia-button-wrap avia-button-center  avia-builder-el-38  el_after_av_hr  avia-builder-el-last ' ><a href='https:\/\/ibizacloud9events.com\/es\/contacto\/'  class='avia-button  avia-color-theme-color-subtle   avia-icon_select-no avia-size-x-large avia-position-center '   ><span class='avia_iconbox_title' >ENV\u00cdENNOS UN CORREO ELECTR\u00d3NICO<\/span><\/a><\/div><\/p><\/div>\n<\/div><\/div><\/div><!-- close content main div --><\/div><\/div><\/div><div id='after_section_6'  class='main_color av_default_container_wrap container_wrap sidebar_right' style=' '  ><div class='container' ><div class='template-page content  av-content-small alpha units'><div class='post-entry post-entry-type-page post-entry-2401'><div class='entry-content-wrapper clearfix'><\/p>\n<p><a href=\"\/\/www.pinterest.com\/pin\/create\/button\/\" data-pin-do=\"buttonBookmark\" data-pin-color=\"red\" data-pin-height=\"128\"><img decoding=\"async\" src=\"\/\/assets.pinterest.com\/images\/pidgets\/pinit_fg_en_rect_red_28.png\" \/><\/a><\/p>","protected":false},"excerpt":{"rendered":"","protected":false},"author":1,"featured_media":0,"parent":2390,"menu_order":0,"comment_status":"closed","ping_status":"closed","template":"","meta":{"footnotes":""},"class_list":["post-2401","page","type-page","status-publish","hentry"],"yoast_head":"<!-- This site is optimized with the Yoast SEO plugin v26.7 - https:\/\/yoast.com\/wordpress\/plugins\/seo\/ -->\n<title>Mejores Fot\u00f3grafos de Boda en Ibiza - Cloud 9<\/title>\n<meta name=\"description\" content=\"Encuentra tu fot\u00f3grafo de boda en Ibiza con Cloud 9. Capta tu d\u00eda especial con estilo, personalidad y profesionalismo.\" \/>\n<meta name=\"robots\" content=\"index, follow, max-snippet:-1, max-image-preview:large, max-video-preview:-1\" \/>\n<meta property=\"og:locale\" content=\"es_ES\" \/>\n<meta property=\"og:type\" content=\"article\" \/>\n<meta property=\"og:title\" content=\"Mejores Fot\u00f3grafos de Boda en Ibiza - Cloud 9\" \/>\n<meta property=\"og:description\" content=\"Encuentra tu fot\u00f3grafo de boda en Ibiza con Cloud 9. Capta tu d\u00eda especial con estilo, personalidad y profesionalismo.\" \/>\n<meta property=\"og:url\" content=\"https:\/\/ibizacloud9events.com\/es\/casarse-en-ibiza\/fotografo-de-bodas-de-ibiza\/\" \/>\n<meta property=\"og:site_name\" content=\"Cloud 9 Ibiza\" \/>\n<meta property=\"article:publisher\" content=\"https:\/\/www.facebook.com\/IbizaCloud9Events\" \/>\n<meta property=\"article:modified_time\" content=\"2024-01-30T18:12:33+00:00\" \/>\n<meta name=\"twitter:card\" content=\"summary_large_image\" \/>\n<meta name=\"twitter:label1\" content=\"Tiempo de lectura\" \/>\n\t<meta name=\"twitter:data1\" content=\"8 minutos\" \/>\n<script type=\"application\/ld+json\" class=\"yoast-schema-graph\">{\"@context\":\"https:\/\/schema.org\",\"@graph\":[{\"@type\":\"WebPage\",\"@id\":\"https:\/\/ibizacloud9events.com\/es\/casarse-en-ibiza\/fotografo-de-bodas-de-ibiza\/\",\"url\":\"https:\/\/ibizacloud9events.com\/es\/casarse-en-ibiza\/fotografo-de-bodas-de-ibiza\/\",\"name\":\"Mejores Fot\u00f3grafos de Boda en Ibiza - Cloud 9\",\"isPartOf\":{\"@id\":\"https:\/\/ibizacloud9events.com\/#website\"},\"datePublished\":\"2018-12-13T19:39:50+00:00\",\"dateModified\":\"2024-01-30T18:12:33+00:00\",\"description\":\"Encuentra tu fot\u00f3grafo de boda en Ibiza con Cloud 9. Capta tu d\u00eda especial con estilo, personalidad y profesionalismo.\",\"breadcrumb\":{\"@id\":\"https:\/\/ibizacloud9events.com\/es\/casarse-en-ibiza\/fotografo-de-bodas-de-ibiza\/#breadcrumb\"},\"inLanguage\":\"es\",\"potentialAction\":[{\"@type\":\"ReadAction\",\"target\":[\"https:\/\/ibizacloud9events.com\/es\/casarse-en-ibiza\/fotografo-de-bodas-de-ibiza\/\"]}]},{\"@type\":\"BreadcrumbList\",\"@id\":\"https:\/\/ibizacloud9events.com\/es\/casarse-en-ibiza\/fotografo-de-bodas-de-ibiza\/#breadcrumb\",\"itemListElement\":[{\"@type\":\"ListItem\",\"position\":1,\"name\":\"Home\",\"item\":\"https:\/\/ibizacloud9events.com\/es\/organizadoras-de-bodas-en-ibiza\/\"},{\"@type\":\"ListItem\",\"position\":2,\"name\":\"Casarse en Ibiza\",\"item\":\"https:\/\/ibizacloud9events.com\/es\/casarse-en-ibiza\/\"},{\"@type\":\"ListItem\",\"position\":3,\"name\":\"Fot\u00f3grafo de bodas de Ibiza\"}]},{\"@type\":\"WebSite\",\"@id\":\"https:\/\/ibizacloud9events.com\/#website\",\"url\":\"https:\/\/ibizacloud9events.com\/\",\"name\":\"Cloud 9 Ibiza\",\"description\":\"Ibiza wedding planners\",\"publisher\":{\"@id\":\"https:\/\/ibizacloud9events.com\/#organization\"},\"potentialAction\":[{\"@type\":\"SearchAction\",\"target\":{\"@type\":\"EntryPoint\",\"urlTemplate\":\"https:\/\/ibizacloud9events.com\/?s={search_term_string}\"},\"query-input\":{\"@type\":\"PropertyValueSpecification\",\"valueRequired\":true,\"valueName\":\"search_term_string\"}}],\"inLanguage\":\"es\"},{\"@type\":\"Organization\",\"@id\":\"https:\/\/ibizacloud9events.com\/#organization\",\"name\":\"Cloud 9 Ibiza\",\"url\":\"https:\/\/ibizacloud9events.com\/\",\"logo\":{\"@type\":\"ImageObject\",\"inLanguage\":\"es\",\"@id\":\"https:\/\/ibizacloud9events.com\/#\/schema\/logo\/image\/\",\"url\":\"https:\/\/ibizacloud9events.com\/wp-content\/uploads\/2018\/11\/logo-cloud9.png\",\"contentUrl\":\"https:\/\/ibizacloud9events.com\/wp-content\/uploads\/2018\/11\/logo-cloud9.png\",\"width\":538,\"height\":370,\"caption\":\"Cloud 9 Ibiza\"},\"image\":{\"@id\":\"https:\/\/ibizacloud9events.com\/#\/schema\/logo\/image\/\"},\"sameAs\":[\"https:\/\/www.facebook.com\/IbizaCloud9Events\",\"https:\/\/www.instagram.com\/ibizacloud9\/\",\"https:\/\/www.pinterest.es\/ibizacloud9\/\"]}]}<\/script>\n<!-- \/ Yoast SEO plugin. -->","yoast_head_json":{"title":"Mejores Fot\u00f3grafos de Boda en Ibiza - Cloud 9","description":"Encuentra tu fot\u00f3grafo de boda en Ibiza con Cloud 9. Capta tu d\u00eda especial con estilo, personalidad y profesionalismo.","robots":{"index":"index","follow":"follow","max-snippet":"max-snippet:-1","max-image-preview":"max-image-preview:large","max-video-preview":"max-video-preview:-1"},"og_locale":"es_ES","og_type":"article","og_title":"Mejores Fot\u00f3grafos de Boda en Ibiza - Cloud 9","og_description":"Encuentra tu fot\u00f3grafo de boda en Ibiza con Cloud 9. Capta tu d\u00eda especial con estilo, personalidad y profesionalismo.","og_url":"https:\/\/ibizacloud9events.com\/es\/casarse-en-ibiza\/fotografo-de-bodas-de-ibiza\/","og_site_name":"Cloud 9 Ibiza","article_publisher":"https:\/\/www.facebook.com\/IbizaCloud9Events","article_modified_time":"2024-01-30T18:12:33+00:00","twitter_card":"summary_large_image","twitter_misc":{"Tiempo de lectura":"8 minutos"},"schema":{"@context":"https:\/\/schema.org","@graph":[{"@type":"WebPage","@id":"https:\/\/ibizacloud9events.com\/es\/casarse-en-ibiza\/fotografo-de-bodas-de-ibiza\/","url":"https:\/\/ibizacloud9events.com\/es\/casarse-en-ibiza\/fotografo-de-bodas-de-ibiza\/","name":"Mejores Fot\u00f3grafos de Boda en Ibiza - Cloud 9","isPartOf":{"@id":"https:\/\/ibizacloud9events.com\/#website"},"datePublished":"2018-12-13T19:39:50+00:00","dateModified":"2024-01-30T18:12:33+00:00","description":"Encuentra tu fot\u00f3grafo de boda en Ibiza con Cloud 9. Capta tu d\u00eda especial con estilo, personalidad y profesionalismo.","breadcrumb":{"@id":"https:\/\/ibizacloud9events.com\/es\/casarse-en-ibiza\/fotografo-de-bodas-de-ibiza\/#breadcrumb"},"inLanguage":"es","potentialAction":[{"@type":"ReadAction","target":["https:\/\/ibizacloud9events.com\/es\/casarse-en-ibiza\/fotografo-de-bodas-de-ibiza\/"]}]},{"@type":"BreadcrumbList","@id":"https:\/\/ibizacloud9events.com\/es\/casarse-en-ibiza\/fotografo-de-bodas-de-ibiza\/#breadcrumb","itemListElement":[{"@type":"ListItem","position":1,"name":"Home","item":"https:\/\/ibizacloud9events.com\/es\/organizadoras-de-bodas-en-ibiza\/"},{"@type":"ListItem","position":2,"name":"Casarse en Ibiza","item":"https:\/\/ibizacloud9events.com\/es\/casarse-en-ibiza\/"},{"@type":"ListItem","position":3,"name":"Fot\u00f3grafo de bodas de Ibiza"}]},{"@type":"WebSite","@id":"https:\/\/ibizacloud9events.com\/#website","url":"https:\/\/ibizacloud9events.com\/","name":"Cloud 9 Ibiza","description":"Ibiza wedding planners","publisher":{"@id":"https:\/\/ibizacloud9events.com\/#organization"},"potentialAction":[{"@type":"SearchAction","target":{"@type":"EntryPoint","urlTemplate":"https:\/\/ibizacloud9events.com\/?s={search_term_string}"},"query-input":{"@type":"PropertyValueSpecification","valueRequired":true,"valueName":"search_term_string"}}],"inLanguage":"es"},{"@type":"Organization","@id":"https:\/\/ibizacloud9events.com\/#organization","name":"Cloud 9 Ibiza","url":"https:\/\/ibizacloud9events.com\/","logo":{"@type":"ImageObject","inLanguage":"es","@id":"https:\/\/ibizacloud9events.com\/#\/schema\/logo\/image\/","url":"https:\/\/ibizacloud9events.com\/wp-content\/uploads\/2018\/11\/logo-cloud9.png","contentUrl":"https:\/\/ibizacloud9events.com\/wp-content\/uploads\/2018\/11\/logo-cloud9.png","width":538,"height":370,"caption":"Cloud 9 Ibiza"},"image":{"@id":"https:\/\/ibizacloud9events.com\/#\/schema\/logo\/image\/"},"sameAs":["https:\/\/www.facebook.com\/IbizaCloud9Events","https:\/\/www.instagram.com\/ibizacloud9\/","https:\/\/www.pinterest.es\/ibizacloud9\/"]}]}},"_links":{"self":[{"href":"https:\/\/ibizacloud9events.com\/es\/wp-json\/wp\/v2\/pages\/2401\/"}],"collection":[{"href":"https:\/\/ibizacloud9events.com\/es\/wp-json\/wp\/v2\/pages\/"}],"about":[{"href":"https:\/\/ibizacloud9events.com\/es\/wp-json\/wp\/v2\/types\/page\/"}],"author":[{"embeddable":true,"href":"https:\/\/ibizacloud9events.com\/es\/wp-json\/wp\/v2\/users\/1\/"}],"replies":[{"embeddable":true,"href":"https:\/\/ibizacloud9events.com\/es\/wp-json\/wp\/v2\/comments\/?post=2401"}],"version-history":[{"count":5,"href":"https:\/\/ibizacloud9events.com\/es\/wp-json\/wp\/v2\/pages\/2401\/revisions\/"}],"predecessor-version":[{"id":15169,"href":"https:\/\/ibizacloud9events.com\/es\/wp-json\/wp\/v2\/pages\/2401\/revisions\/15169\/"}],"up":[{"embeddable":true,"href":"https:\/\/ibizacloud9events.com\/es\/wp-json\/wp\/v2\/pages\/2390\/"}],"wp:attachment":[{"href":"https:\/\/ibizacloud9events.com\/es\/wp-json\/wp\/v2\/media\/?parent=2401"}],"curies":[{"name":"wp","href":"https:\/\/api.w.org\/{rel}","templated":true}]}}