{"id":2351,"date":"2018-11-19T15:24:17","date_gmt":"2018-11-19T15:24:17","guid":{"rendered":"https:\/\/ibizacloud9events.com\/?page_id=2351"},"modified":"2024-01-30T18:23:57","modified_gmt":"2024-01-30T18:23:57","slug":"quienes-somos","status":"publish","type":"page","link":"https:\/\/ibizacloud9events.com\/es\/quienes-somos\/","title":{"rendered":"Qui\u00e9n soy"},"content":{"rendered":"<div id='intro'  class='avia-section main_color avia-section-default avia-no-border-styling  av-parallax-section av-section-color-overlay-active avia-bg-style-parallax  avia-builder-el-0  el_before_av_section  avia-builder-el-first   av-small-hide av-mini-hide av-minimum-height av-minimum-height-100  container_wrap sidebar_right' style=' '  data-section-bg-repeat='no-repeat' data-av_minimum_height_pc='100'><div class='av-parallax' data-avia-parallax-ratio='0.3' ><div class='av-parallax-inner main_color  avia-full-stretch' style = 'background-repeat: no-repeat; background-image: url(https:\/\/ibizacloud9events.com\/wp-content\/uploads\/2018\/12\/2-ABOUT-1-H.jpg);background-attachment: scroll; background-position: bottom center; ' ><\/div><\/div><div class='av-section-color-overlay-wrap'><div class='av-section-color-overlay' style='opacity: 0.2; background-color: #000000; '><\/div><div class='container' ><main  role=\"main\" itemprop=\"mainContentOfPage\"  class='template-page content  av-content-small alpha units'><div class='post-entry post-entry-type-page post-entry-2351'><div class='entry-content-wrapper clearfix'>\n<div class=\"flex_column av_one_fifth  flex_column_div av-zero-column-padding first  avia-builder-el-1  el_before_av_three_fifth  avia-builder-el-first  \" style='border-radius:0px; '><\/div><div class=\"flex_column av_three_fifth  flex_column_div av-zero-column-padding   avia-builder-el-2  el_after_av_one_fifth  avia-builder-el-last  \" style='border-radius:0px; '><p><div  style='padding-bottom:30px; color:#ffffff;' class='av-special-heading av-special-heading-h1 custom-color-heading blockquote modern-quote modern-centered  avia-builder-el-3  el_before_av_textblock  avia-builder-el-first  '><h1 class='av-special-heading-tag '  itemprop=\"headline\"  >QUI\u00c9N SOY<\/h1><div class='special-heading-border'><div class='special-heading-inner-border' style='border-color:#ffffff'><\/div><\/div><\/div><br \/>\n<section class=\"av_textblock_section \"  itemscope=\"itemscope\" itemtype=\"https:\/\/schema.org\/CreativeWork\" ><div class='avia_textblock  av_inherit_color '  style='color:#ffffff; '  itemprop=\"text\" ><p style=\"text-align: center;\">La creativa organizadora de bodas en Ibiza Laurie Pecher pose la experiencia, habilidad y conocimiento para hacer realidad los sue\u00f1os que tiene sobre su boda.<\/p>\n<\/div><\/section><br \/>\n<div  style='height:100px' class='hr hr-invisible   avia-builder-el-5  el_after_av_textblock  avia-builder-el-last '><span class='hr-inner ' ><span class='hr-inner-style'><\/span><\/span><\/div><\/p><\/div>\n\n<\/div><\/div><\/main><!-- close content main element --><\/div><\/div><\/div><div id='intro'  class='avia-section main_color avia-section-default avia-no-border-styling  av-section-color-overlay-active avia-bg-style-scroll  avia-builder-el-6  el_after_av_section  el_before_av_section   av-desktop-hide av-medium-hide av-minimum-height av-minimum-height-100  container_wrap sidebar_right' style='background-repeat: no-repeat; background-image: url(https:\/\/ibizacloud9events.com\/wp-content\/uploads\/2018\/12\/2-ABOUT-1-V.jpg);background-attachment: scroll; background-position: bottom center;  '  data-section-bg-repeat='no-repeat' data-av_minimum_height_pc='100'><div class='av-section-color-overlay-wrap'><div class='av-section-color-overlay' style='opacity: 0.2; background-color: #000000; '><\/div><div class='container' ><div class='template-page content  av-content-small alpha units'><div class='post-entry post-entry-type-page post-entry-2351'><div class='entry-content-wrapper clearfix'>\n<div class=\"flex_column av_one_fifth  flex_column_div av-zero-column-padding first  avia-builder-el-7  el_before_av_three_fifth  avia-builder-el-first  \" style='border-radius:0px; '><\/div><div class=\"flex_column av_three_fifth  flex_column_div av-zero-column-padding   avia-builder-el-8  el_after_av_one_fifth  avia-builder-el-last  \" style='border-radius:0px; '><p><div  style='padding-bottom:30px; color:#ffffff;' class='av-special-heading av-special-heading-h1 custom-color-heading blockquote modern-quote modern-centered  avia-builder-el-9  el_before_av_textblock  avia-builder-el-first  '><h1 class='av-special-heading-tag '  itemprop=\"headline\"  >QUI\u00c9N SOY<\/h1><div class='special-heading-border'><div class='special-heading-inner-border' style='border-color:#ffffff'><\/div><\/div><\/div><br \/>\n<section class=\"av_textblock_section \"  itemscope=\"itemscope\" itemtype=\"https:\/\/schema.org\/CreativeWork\" ><div class='avia_textblock  av_inherit_color '  style='color:#ffffff; '  itemprop=\"text\" ><p style=\"text-align: center;\">La creativa organizadora de bodas en Ibiza Laurie Pecher pose la experiencia, habilidad y conocimiento para hacer realidad los sue\u00f1os que tiene sobre su boda.<\/p>\n<\/div><\/section><br \/>\n<div  style='height:100px' class='hr hr-invisible   avia-builder-el-11  el_after_av_textblock  avia-builder-el-last '><span class='hr-inner ' ><span class='hr-inner-style'><\/span><\/span><\/div><\/p><\/div>\n\n<\/div><\/div><\/div><!-- close content main div --><\/div><\/div><\/div><div id='av_section_3'  class='avia-section alternate_color avia-section-default avia-no-border-styling  avia-bg-style-scroll  avia-builder-el-12  el_after_av_section  el_before_av_section   container_wrap sidebar_right' style=' '  ><div class='container' ><div class='template-page content  av-content-small alpha units'><div class='post-entry post-entry-type-page post-entry-2351'><div class='entry-content-wrapper clearfix'>\n<div class=\"flex_column av_one_fifth  flex_column_div av-zero-column-padding first  avia-builder-el-13  el_before_av_three_fifth  avia-builder-el-first  \" style='border-radius:0px; '><\/div><div class=\"flex_column av_three_fifth  flex_column_div av-zero-column-padding   avia-builder-el-14  el_after_av_one_fifth  avia-builder-el-last  \" style='border-radius:0px; '><section class=\"av_textblock_section \"  itemscope=\"itemscope\" itemtype=\"https:\/\/schema.org\/CreativeWork\" ><div class='avia_textblock  '   itemprop=\"text\" ><p style=\"text-align: center;\">Inspiradas por la id\u00edlica belleza y diversidad de la isla mediterr\u00e1nea que llaman su hogar, la fundadora de Ibiza Cloud 9 ostenta una impresionante trayectoria en los campos de la organizaci\u00f3n de eventos, el estilismo, las finanzas y la gesti\u00f3n. Esta fusi\u00f3n de creatividad y profesionalidad combinada con una aguda perspicacia para los negocios lleva a que aborden cada boda en Ibiza con una profunda comprensi\u00f3n de todos los aspectos necesarios para hacerla realidad. Desde la concepci\u00f3n hasta su realizaci\u00f3n, acompa\u00f1an a cada pareja en todo momento.<\/p>\n<\/div><\/section><\/div>\n\n<\/div><\/div><\/div><!-- close content main div --><\/div><\/div><div id='laurie'  class='avia-section main_color avia-section-default avia-no-border-styling  av-parallax-section av-section-color-overlay-active avia-bg-style-parallax  avia-builder-el-16  el_after_av_section  el_before_av_section   av-small-hide av-mini-hide av-minimum-height av-minimum-height-75  container_wrap sidebar_right' style=' '  data-section-bg-repeat='no-repeat' data-av_minimum_height_pc='75'><div class='av-parallax' data-avia-parallax-ratio='0.3' ><div class='av-parallax-inner main_color  avia-full-stretch' style = 'background-repeat: no-repeat; background-image: url(https:\/\/ibizacloud9events.com\/wp-content\/uploads\/2018\/12\/2-ABOUT-LAURIE-H.jpg);background-attachment: scroll; background-position: bottom center; ' ><\/div><\/div><div class='av-section-color-overlay-wrap'><div class='av-section-color-overlay' style='opacity: 0.2; background-color: #000000; '><\/div><div class='container' ><div class='template-page content  av-content-small alpha units'><div class='post-entry post-entry-type-page post-entry-2351'><div class='entry-content-wrapper clearfix'>\n<div class=\"flex_column av_one_fifth  flex_column_div av-zero-column-padding first  avia-builder-el-17  el_before_av_three_fifth  avia-builder-el-first  \" style='border-radius:0px; '><\/div><div class=\"flex_column av_three_fifth  flex_column_div av-zero-column-padding   avia-builder-el-18  el_after_av_one_fifth  avia-builder-el-last  \" style='border-radius:0px; '><p><div  style='padding-bottom:30px; color:#ffffff;' class='av-special-heading av-special-heading-h6 custom-color-heading blockquote modern-quote modern-centered  avia-builder-el-19  el_before_av_textblock  avia-builder-el-first  '><h6 class='av-special-heading-tag '  itemprop=\"headline\"  >QUI\u00c9N ES LAURIE PECHER<\/h6><div class='special-heading-border'><div class='special-heading-inner-border' style='border-color:#ffffff'><\/div><\/div><\/div><br \/>\n<section class=\"av_textblock_section \"  itemscope=\"itemscope\" itemtype=\"https:\/\/schema.org\/CreativeWork\" ><div class='avia_textblock  av_inherit_color  av-small-font-size-overwrite av-small-font-size-14 av-mini-font-size-overwrite av-mini-font-size-13'  style='font-size:18px; color:#ffffff; '  itemprop=\"text\" ><p style=\"text-align: center;\">Una profesional certificada de la organizaci\u00f3n internacional de bodas y eventos nacida en B\u00e9lgica y que habla varios idiomas con una pasi\u00f3n por crear selectos eventos individualizados.<\/p>\n<\/div><\/section><\/p><\/div>\n\n<\/div><\/div><\/div><!-- close content main div --><\/div><\/div><\/div><div id='laurie'  class='avia-section main_color avia-section-default avia-no-border-styling  av-section-color-overlay-active avia-bg-style-scroll  avia-builder-el-21  el_after_av_section  el_before_av_section   av-desktop-hide av-medium-hide av-minimum-height av-minimum-height-75  container_wrap sidebar_right' style='background-repeat: no-repeat; background-image: url(https:\/\/ibizacloud9events.com\/wp-content\/uploads\/2018\/12\/2-ABOUT-LAURIE-V.jpg);background-attachment: scroll; background-position: top center;  '  data-section-bg-repeat='no-repeat' data-av_minimum_height_pc='75'><div class='av-section-color-overlay-wrap'><div class='av-section-color-overlay' style='opacity: 0.2; background-color: #000000; '><\/div><div class='container' ><div class='template-page content  av-content-small alpha units'><div class='post-entry post-entry-type-page post-entry-2351'><div class='entry-content-wrapper clearfix'>\n<div class=\"flex_column av_one_fifth  flex_column_div av-zero-column-padding first  avia-builder-el-22  el_before_av_three_fifth  avia-builder-el-first  \" style='border-radius:0px; '><\/div><div class=\"flex_column av_three_fifth  flex_column_div av-zero-column-padding   avia-builder-el-23  el_after_av_one_fifth  avia-builder-el-last  \" style='border-radius:0px; '><p><div  style='padding-bottom:30px; color:#ffffff;' class='av-special-heading av-special-heading-h6 custom-color-heading blockquote modern-quote modern-centered  avia-builder-el-24  el_before_av_textblock  avia-builder-el-first  '><h6 class='av-special-heading-tag '  itemprop=\"headline\"  >QUI\u00c9N ES LAURIE PECHER<\/h6><div class='special-heading-border'><div class='special-heading-inner-border' style='border-color:#ffffff'><\/div><\/div><\/div><br \/>\n<section class=\"av_textblock_section \"  itemscope=\"itemscope\" itemtype=\"https:\/\/schema.org\/CreativeWork\" ><div class='avia_textblock  av_inherit_color  av-small-font-size-overwrite av-small-font-size-14 av-mini-font-size-overwrite av-mini-font-size-13'  style='font-size:18px; color:#ffffff; '  itemprop=\"text\" ><p style=\"text-align: center;\">Una profesional certificada de la organizaci\u00f3n internacional de bodas y eventos nacida en B\u00e9lgica y que habla varios idiomas con una pasi\u00f3n por crear selectos eventos individualizados.<\/p>\n<\/div><\/section><\/p><\/div>\n\n<\/div><\/div><\/div><!-- close content main div --><\/div><\/div><\/div><div id='av_section_6'  class='avia-section main_color avia-section-default avia-no-border-styling  avia-bg-style-scroll  avia-builder-el-26  el_after_av_section  el_before_av_section   container_wrap sidebar_right' style=' '  ><div class='container' ><div class='template-page content  av-content-small alpha units'><div class='post-entry post-entry-type-page post-entry-2351'><div class='entry-content-wrapper clearfix'>\n<div class=\"flex_column av_one_fifth  flex_column_div av-zero-column-padding first  avia-builder-el-27  el_before_av_three_fifth  avia-builder-el-first  \" style='border-radius:0px; '><\/div><div class=\"flex_column av_three_fifth  flex_column_div av-zero-column-padding   avia-builder-el-28  el_after_av_one_fifth  avia-builder-el-last  \" style='border-radius:0px; '><section class=\"av_textblock_section \"  itemscope=\"itemscope\" itemtype=\"https:\/\/schema.org\/CreativeWork\" ><div class='avia_textblock  '   itemprop=\"text\" ><p style=\"text-align: center;\">La extensa carrera profesional de Laurie Pecher la ha llevado a recorrer el mundo, desde su Amberes natal &#8211; donde estudi\u00f3 eventos y publicidad &#8211; hasta Miami, Valencia e Ibiza. Su conexi\u00f3n con la isla se produce por cortes\u00eda de su marido, nacido en Ibiza, al que conoci\u00f3 cuando estudiaba en Miami.<\/p>\n<p style=\"text-align: center;\">Unas habilidades organizativas bien consolidadas y la afici\u00f3n por coordinar eventos en combinaci\u00f3n con una pasi\u00f3n por la comunicaci\u00f3n y el servicio son lo que mueven a Laurie. La destreza de Laurie a la hora de dominar la log\u00edstica entre bastidores hace posible que las novias y novios puedan relajarse por completo durante el proceso de organizaci\u00f3n de su boda y en el mismo d\u00eda de la celebraci\u00f3n; su actitud calmada y una innata confianza les orientan a realizar todas las elecciones correctas.<\/p>\n<\/div><\/section><\/div>\n\n<\/div><\/div><\/div><!-- close content main div --><\/div><\/div><div id='av_section_7'  class='avia-section alternate_color avia-section-default avia-no-border-styling  avia-bg-style-scroll  avia-builder-el-30  el_after_av_section  el_before_av_section   container_wrap sidebar_right' style=' '  ><div class='container' ><div class='template-page content  av-content-small alpha units'><div class='post-entry post-entry-type-page post-entry-2351'><div class='entry-content-wrapper clearfix'>\n<div class=\"flex_column av_one_full  flex_column_div av-zero-column-padding first  avia-builder-el-31  avia-builder-el-no-sibling  \" style='border-radius:0px; '><div  style='padding-bottom:20px; ' class='av-special-heading av-special-heading-h5  blockquote modern-quote modern-centered  avia-builder-el-32  avia-builder-el-no-sibling  '><div class ='av-subheading av-subheading_above  ' style='font-size:15px;'><p>TRANQUILIDAD EN SU D\u00cdA ESPECIAL<\/p>\n<\/div><h5 class='av-special-heading-tag '  itemprop=\"headline\"  ><span class='special_amp'>\u201c<\/span>Su profesionalidad nos tranquiliz\u00f3 y \u00a1supimos que hab\u00edamos encontrado a la mujeres adecuadas para el trabajo!<span class='special_amp'>\u201d<\/span><\/h5><div class='special-heading-border'><div class='special-heading-inner-border' ><\/div><\/div><\/div><\/div>\n\n<\/div><\/div><\/div><!-- close content main div --><\/div><\/div><div id='av_section_8'  class='avia-section main_color avia-section-huge avia-no-border-styling  av-parallax-section av-section-color-overlay-active avia-bg-style-parallax  avia-builder-el-33  el_after_av_section  avia-builder-el-last   av-minimum-height av-minimum-height-50  container_wrap sidebar_right' style=' '  data-section-bg-repeat='no-repeat' data-av_minimum_height_pc='50'><div class='av-parallax' data-avia-parallax-ratio='0.3' ><div class='av-parallax-inner main_color  avia-full-stretch' style = 'background-repeat: no-repeat; background-image: url(https:\/\/ibizacloud9events.com\/wp-content\/uploads\/2018\/12\/7-CONTACT-H.jpg);background-attachment: scroll; background-position: top left; ' ><\/div><\/div><div class='av-section-color-overlay-wrap'><div class='av-section-color-overlay' style='opacity: 0.3; background-color: #000000; '><\/div><div class='container' ><div class='template-page content  av-content-small alpha units'><div class='post-entry post-entry-type-page post-entry-2351'><div class='entry-content-wrapper clearfix'>\n<div class=\"flex_column av_one_fifth  flex_column_div av-zero-column-padding first  avia-builder-el-34  el_before_av_three_fifth  avia-builder-el-first  \" style='border-radius:0px; '><\/div><div class=\"flex_column av_three_fifth  flex_column_div av-zero-column-padding   avia-builder-el-35  el_after_av_one_fifth  avia-builder-el-last  \" style='border-radius:0px; '><p><div  style='padding-bottom:10px; ' class='av-special-heading av-special-heading-h6  blockquote modern-quote modern-centered  avia-builder-el-36  el_before_av_textblock  avia-builder-el-first  '><h6 class='av-special-heading-tag '  itemprop=\"headline\"  >CONTACTO<\/h6><div class='special-heading-border'><div class='special-heading-inner-border' ><\/div><\/div><\/div><br \/>\n<section class=\"av_textblock_section \"  itemscope=\"itemscope\" itemtype=\"https:\/\/schema.org\/CreativeWork\" ><div class='avia_textblock  av_inherit_color '  style='font-size:17px; color:#ffffff; '  itemprop=\"text\" ><p style=\"text-align: center;\">Den el primer paso y p\u00f3nganse en contacto con nosotras para hablarnos sobre su inspiraci\u00f3n y sus ideas o pedirnos la ayuda que necesiten.<\/p>\n<\/div><\/section><br \/>\n<div  style='height:30px' class='hr hr-invisible   avia-builder-el-38  el_after_av_textblock  el_before_av_button '><span class='hr-inner ' ><span class='hr-inner-style'><\/span><\/span><\/div><br \/>\n<div  class='avia-button-wrap avia-button-center  avia-builder-el-39  el_after_av_hr  avia-builder-el-last ' ><a href='https:\/\/ibizacloud9events.com\/es\/contacto\/'  class='avia-button  avia-color-theme-color-subtle   avia-icon_select-no avia-size-x-large avia-position-center '   ><span class='avia_iconbox_title' >ENV\u00cdENNOS UN CORREO ELECTR\u00d3NICO<\/span><\/a><\/div><\/p><\/div>\n<\/div><\/div><\/div><!-- close content main div --><\/div><\/div><\/div><div id='after_section_8'  class='main_color av_default_container_wrap container_wrap sidebar_right' style=' '  ><div class='container' ><div class='template-page content  av-content-small alpha units'><div class='post-entry post-entry-type-page post-entry-2351'><div class='entry-content-wrapper clearfix'>\n<p><a href=\"\/\/www.pinterest.com\/pin\/create\/button\/\" data-pin-do=\"buttonBookmark\" data-pin-color=\"red\" data-pin-height=\"128\"><img decoding=\"async\" src=\"\/\/assets.pinterest.com\/images\/pidgets\/pinit_fg_en_rect_red_28.png\" \/><\/a><\/p>","protected":false},"excerpt":{"rendered":"","protected":false},"author":1,"featured_media":0,"parent":0,"menu_order":0,"comment_status":"closed","ping_status":"closed","template":"","meta":{"footnotes":""},"class_list":["post-2351","page","type-page","status-publish","hentry"],"yoast_head":"<!-- This site is optimized with the Yoast SEO plugin v26.7 - https:\/\/yoast.com\/wordpress\/plugins\/seo\/ -->\n<title>Ibiza Cloud 9: Planificadores de Eventos Expertos<\/title>\n<meta name=\"description\" content=\"Descubre Ibiza Cloud 9 Events, donde la experta Laurie Pecher aporta creatividad a tus eventos memorables en Ibiza.\" \/>\n<meta name=\"robots\" content=\"index, follow, max-snippet:-1, max-image-preview:large, max-video-preview:-1\" \/>\n<meta property=\"og:locale\" content=\"es_ES\" \/>\n<meta property=\"og:type\" content=\"article\" \/>\n<meta property=\"og:title\" content=\"Ibiza Cloud 9: Planificadores de Eventos Expertos\" \/>\n<meta property=\"og:description\" content=\"Descubre Ibiza Cloud 9 Events, donde la experta Laurie Pecher aporta creatividad a tus eventos memorables en Ibiza.\" \/>\n<meta property=\"og:url\" content=\"https:\/\/ibizacloud9events.com\/es\/quienes-somos\/\" \/>\n<meta property=\"og:site_name\" content=\"Cloud 9 Ibiza\" \/>\n<meta property=\"article:publisher\" content=\"https:\/\/www.facebook.com\/IbizaCloud9Events\" \/>\n<meta property=\"article:modified_time\" content=\"2024-01-30T18:23:57+00:00\" \/>\n<meta name=\"twitter:card\" content=\"summary_large_image\" \/>\n<meta name=\"twitter:label1\" content=\"Tiempo de lectura\" \/>\n\t<meta name=\"twitter:data1\" content=\"7 minutos\" \/>\n<script type=\"application\/ld+json\" class=\"yoast-schema-graph\">{\"@context\":\"https:\/\/schema.org\",\"@graph\":[{\"@type\":\"WebPage\",\"@id\":\"https:\/\/ibizacloud9events.com\/es\/quienes-somos\/\",\"url\":\"https:\/\/ibizacloud9events.com\/es\/quienes-somos\/\",\"name\":\"Ibiza Cloud 9: Planificadores de Eventos Expertos\",\"isPartOf\":{\"@id\":\"https:\/\/ibizacloud9events.com\/#website\"},\"datePublished\":\"2018-11-19T15:24:17+00:00\",\"dateModified\":\"2024-01-30T18:23:57+00:00\",\"description\":\"Descubre Ibiza Cloud 9 Events, donde la experta Laurie Pecher aporta creatividad a tus eventos memorables en Ibiza.\",\"breadcrumb\":{\"@id\":\"https:\/\/ibizacloud9events.com\/es\/quienes-somos\/#breadcrumb\"},\"inLanguage\":\"es\",\"potentialAction\":[{\"@type\":\"ReadAction\",\"target\":[\"https:\/\/ibizacloud9events.com\/es\/quienes-somos\/\"]}]},{\"@type\":\"BreadcrumbList\",\"@id\":\"https:\/\/ibizacloud9events.com\/es\/quienes-somos\/#breadcrumb\",\"itemListElement\":[{\"@type\":\"ListItem\",\"position\":1,\"name\":\"Home\",\"item\":\"https:\/\/ibizacloud9events.com\/es\/organizadoras-de-bodas-en-ibiza\/\"},{\"@type\":\"ListItem\",\"position\":2,\"name\":\"Qui\u00e9n soy\"}]},{\"@type\":\"WebSite\",\"@id\":\"https:\/\/ibizacloud9events.com\/#website\",\"url\":\"https:\/\/ibizacloud9events.com\/\",\"name\":\"Cloud 9 Ibiza\",\"description\":\"Ibiza wedding planners\",\"publisher\":{\"@id\":\"https:\/\/ibizacloud9events.com\/#organization\"},\"potentialAction\":[{\"@type\":\"SearchAction\",\"target\":{\"@type\":\"EntryPoint\",\"urlTemplate\":\"https:\/\/ibizacloud9events.com\/?s={search_term_string}\"},\"query-input\":{\"@type\":\"PropertyValueSpecification\",\"valueRequired\":true,\"valueName\":\"search_term_string\"}}],\"inLanguage\":\"es\"},{\"@type\":\"Organization\",\"@id\":\"https:\/\/ibizacloud9events.com\/#organization\",\"name\":\"Cloud 9 Ibiza\",\"url\":\"https:\/\/ibizacloud9events.com\/\",\"logo\":{\"@type\":\"ImageObject\",\"inLanguage\":\"es\",\"@id\":\"https:\/\/ibizacloud9events.com\/#\/schema\/logo\/image\/\",\"url\":\"https:\/\/ibizacloud9events.com\/wp-content\/uploads\/2018\/11\/logo-cloud9.png\",\"contentUrl\":\"https:\/\/ibizacloud9events.com\/wp-content\/uploads\/2018\/11\/logo-cloud9.png\",\"width\":538,\"height\":370,\"caption\":\"Cloud 9 Ibiza\"},\"image\":{\"@id\":\"https:\/\/ibizacloud9events.com\/#\/schema\/logo\/image\/\"},\"sameAs\":[\"https:\/\/www.facebook.com\/IbizaCloud9Events\",\"https:\/\/www.instagram.com\/ibizacloud9\/\",\"https:\/\/www.pinterest.es\/ibizacloud9\/\"]}]}<\/script>\n<!-- \/ Yoast SEO plugin. -->","yoast_head_json":{"title":"Ibiza Cloud 9: Planificadores de Eventos Expertos","description":"Descubre Ibiza Cloud 9 Events, donde la experta Laurie Pecher aporta creatividad a tus eventos memorables en Ibiza.","robots":{"index":"index","follow":"follow","max-snippet":"max-snippet:-1","max-image-preview":"max-image-preview:large","max-video-preview":"max-video-preview:-1"},"og_locale":"es_ES","og_type":"article","og_title":"Ibiza Cloud 9: Planificadores de Eventos Expertos","og_description":"Descubre Ibiza Cloud 9 Events, donde la experta Laurie Pecher aporta creatividad a tus eventos memorables en Ibiza.","og_url":"https:\/\/ibizacloud9events.com\/es\/quienes-somos\/","og_site_name":"Cloud 9 Ibiza","article_publisher":"https:\/\/www.facebook.com\/IbizaCloud9Events","article_modified_time":"2024-01-30T18:23:57+00:00","twitter_card":"summary_large_image","twitter_misc":{"Tiempo de lectura":"7 minutos"},"schema":{"@context":"https:\/\/schema.org","@graph":[{"@type":"WebPage","@id":"https:\/\/ibizacloud9events.com\/es\/quienes-somos\/","url":"https:\/\/ibizacloud9events.com\/es\/quienes-somos\/","name":"Ibiza Cloud 9: Planificadores de Eventos Expertos","isPartOf":{"@id":"https:\/\/ibizacloud9events.com\/#website"},"datePublished":"2018-11-19T15:24:17+00:00","dateModified":"2024-01-30T18:23:57+00:00","description":"Descubre Ibiza Cloud 9 Events, donde la experta Laurie Pecher aporta creatividad a tus eventos memorables en Ibiza.","breadcrumb":{"@id":"https:\/\/ibizacloud9events.com\/es\/quienes-somos\/#breadcrumb"},"inLanguage":"es","potentialAction":[{"@type":"ReadAction","target":["https:\/\/ibizacloud9events.com\/es\/quienes-somos\/"]}]},{"@type":"BreadcrumbList","@id":"https:\/\/ibizacloud9events.com\/es\/quienes-somos\/#breadcrumb","itemListElement":[{"@type":"ListItem","position":1,"name":"Home","item":"https:\/\/ibizacloud9events.com\/es\/organizadoras-de-bodas-en-ibiza\/"},{"@type":"ListItem","position":2,"name":"Qui\u00e9n soy"}]},{"@type":"WebSite","@id":"https:\/\/ibizacloud9events.com\/#website","url":"https:\/\/ibizacloud9events.com\/","name":"Cloud 9 Ibiza","description":"Ibiza wedding planners","publisher":{"@id":"https:\/\/ibizacloud9events.com\/#organization"},"potentialAction":[{"@type":"SearchAction","target":{"@type":"EntryPoint","urlTemplate":"https:\/\/ibizacloud9events.com\/?s={search_term_string}"},"query-input":{"@type":"PropertyValueSpecification","valueRequired":true,"valueName":"search_term_string"}}],"inLanguage":"es"},{"@type":"Organization","@id":"https:\/\/ibizacloud9events.com\/#organization","name":"Cloud 9 Ibiza","url":"https:\/\/ibizacloud9events.com\/","logo":{"@type":"ImageObject","inLanguage":"es","@id":"https:\/\/ibizacloud9events.com\/#\/schema\/logo\/image\/","url":"https:\/\/ibizacloud9events.com\/wp-content\/uploads\/2018\/11\/logo-cloud9.png","contentUrl":"https:\/\/ibizacloud9events.com\/wp-content\/uploads\/2018\/11\/logo-cloud9.png","width":538,"height":370,"caption":"Cloud 9 Ibiza"},"image":{"@id":"https:\/\/ibizacloud9events.com\/#\/schema\/logo\/image\/"},"sameAs":["https:\/\/www.facebook.com\/IbizaCloud9Events","https:\/\/www.instagram.com\/ibizacloud9\/","https:\/\/www.pinterest.es\/ibizacloud9\/"]}]}},"_links":{"self":[{"href":"https:\/\/ibizacloud9events.com\/es\/wp-json\/wp\/v2\/pages\/2351\/"}],"collection":[{"href":"https:\/\/ibizacloud9events.com\/es\/wp-json\/wp\/v2\/pages\/"}],"about":[{"href":"https:\/\/ibizacloud9events.com\/es\/wp-json\/wp\/v2\/types\/page\/"}],"author":[{"embeddable":true,"href":"https:\/\/ibizacloud9events.com\/es\/wp-json\/wp\/v2\/users\/1\/"}],"replies":[{"embeddable":true,"href":"https:\/\/ibizacloud9events.com\/es\/wp-json\/wp\/v2\/comments\/?post=2351"}],"version-history":[{"count":5,"href":"https:\/\/ibizacloud9events.com\/es\/wp-json\/wp\/v2\/pages\/2351\/revisions\/"}],"predecessor-version":[{"id":15190,"href":"https:\/\/ibizacloud9events.com\/es\/wp-json\/wp\/v2\/pages\/2351\/revisions\/15190\/"}],"wp:attachment":[{"href":"https:\/\/ibizacloud9events.com\/es\/wp-json\/wp\/v2\/media\/?parent=2351"}],"curies":[{"name":"wp","href":"https:\/\/api.w.org\/{rel}","templated":true}]}}